{"id":2,"date":"2014-10-06T14:27:12","date_gmt":"2014-10-06T12:27:12","guid":{"rendered":"http:\/\/jcbertrand.fr\/?page_id=2"},"modified":"2024-02-26T18:11:52","modified_gmt":"2024-02-26T17:11:52","slug":"page-d-exemple","status":"publish","type":"page","link":"https:\/\/jcbertrand.fr\/?page_id=2","title":{"rendered":"En quelques mots&#8230;"},"content":{"rendered":"<p>&nbsp;<\/p>\n<p>Photographe auteur ind\u00e9pendant n\u00e9 en Berry \u00e0 quelques kilometres du PNR de la Brenne. Aujourd&rsquo;hui \u00a0en Touraine, je consacre une grande partie de mon temps \u00e0 \u00a0photographier la nature, les paysages et les fleurs sauvages. En quarante ans (et plus) j&rsquo;ai sillonn\u00e9 de nombreuses r\u00e9gions de France et plus de 40 pays \u00e0 travers le monde dont certains plusieurs fois pour aller au contact des populations qui vivent au plus proche de la nature.<\/p>\n<p>La Brenne et l&rsquo;Aubrac sont mes deux terrains pr\u00e9f\u00e9r\u00e9s, j&rsquo;y trouve une nature authentique et pr\u00e9serv\u00e9e. Ce cot\u00e9 sauvage me permet de trouver la mati\u00e8re n\u00e9cessaire \u00e0 mes images. L&rsquo;eau, le ciel, la lumi\u00e8re, 3 ingr\u00e9dients indispensables \u00e0 mes images<\/p>\n<p>Dans chaque prise de vue de paysage j&rsquo;essaie de capter la belle lumi\u00e8re pour l&rsquo;associer au spectacle que m&rsquo;offre la nature.<\/p>\n<p><strong>Mes photos ne sont pas libres de droits \u00a0<\/strong><strong>\u00a0 \u00a0<\/strong>\u00a0 \u00a0 \u00a0 \u00a0 \u00a0 \u00a0 \u00a0 \u00a0 \u00a0 \u00a0 \u00a0 \u00a0 \u00a0 \u00a0 \u00a0 \u00a0 \u00a0 \u00a0 \u00a0 \u00a0 \u00a0 \u00a0 \u00a0 \u00a0 \u00a0 \u00a0 \u00a0 \u00a0 \u00a0 \u00a0 \u00a0 \u00a0 \u00a0 \u00a0 \u00a0 \u00a0 \u00a0 \u00a0 \u00a0 \u00a0 \u00a0 \u00a0 \u00a0 \u00a0 \u00a0 \u00a0 \u00a0 \u00a0 \u00a0 \u00a0 \u00a0 \u00a0 \u00a0 \u00a0 \u00a0 \u00a0 \u00a0 \u00a0<strong>Elles ne peuvent pas \u00eatre copi\u00e9es et\/ou diffus\u00e9es sans l&rsquo;accord de l&rsquo;auteur<\/strong><\/p>\n<p>Je me ferai un plaisir de r\u00e9pondre \u00e0 vos courriels et toutes demandes de pr\u00e9cisions quant aux lieux ou aux techniques employ\u00e9es<\/p>\n<p>Mon \u00e9quipement est compos\u00e9 de :<\/p>\n<p>1 boitier CANON R5<\/p>\n<p>1 boitier CANON 5D MKIII<\/p>\n<p>1 boitier CANON 5D MKIV<\/p>\n<p>Optiques CANON S\u00e9rie L<\/p>\n<p>EF \u00a0 \u00a016-35 \u00a0 \u00a0f2,8L USM<\/p>\n<p>EF \u00a0 24-70 \u00a0 f\/2,8L USM<\/p>\n<p>EF \u00a070-200 \u00a0 f\/4L IS USM<\/p>\n<p>EF \u00a070-200 \u00a0 f\/2,8L USM<\/p>\n<p>EF 100-400 f\/4,5-5,6L IS USM<\/p>\n<p>EF \u00a0100mm \u00a0f\/2,8L Macro IS USM<\/p>\n<p>RF 100mm   f\/2,8L Macro IS USM<\/p>\n<p>Mon travail et ma rigueur m&rsquo;ont permis de recevoir<\/p>\n<p><strong>2012<\/strong> le Prix du jury cat\u00e9gorie FLEURS Concours photos de VEIGNE (37)<\/p>\n<p><strong>2013<\/strong> Le 1er prix de reportage pour \u00ab\u00a0Lumi\u00e8res d&rsquo;ECOSSE\u00a0\u00bb Festival Phot&rsquo;Aubrac \u00a0 phot&rsquo;aubrac.com\/<\/p>\n<p><strong>2014<\/strong> Le 3eme prix festival photos \u00a0\u00ab\u00a0Image&rsquo;in Vaux VAUX sur MER (17)<\/p>\n<p><strong>2016<\/strong> Participation au festival PHOT&rsquo;AUBRAC parrain\u00e9 par l&rsquo;explorateur Jean Louis Etienne.<\/p>\n<p><strong>2017<\/strong><\/p>\n<p>-Exposition \u00e0 l&rsquo;Office de tourisme de M\u00e9zi\u00e8re en Brenne (36)<\/p>\n<p>-Exposition Mairie de Rivarennes (36)<\/p>\n<p>-Festival photos et Nature, La Tremblade (17)<\/p>\n<p><strong>2018<\/strong><\/p>\n<p>-Exposition Pavillon Charles X Saint-Cyr-Sur-Loire (37)<\/p>\n<p>-Exposition \u00ab\u00a0les Printemps des Artistes\u00a0\u00bb Office du tourisme de Chatillon sur<\/p>\n<p>Indre (36)<\/p>\n<p>-Exposition Gite\u00a0\u00bbLa Crapaudine\u00a0\u00bb Rosnay (36)<\/p>\n<p>-Exposition Festival PHOT&rsquo;AUBRAC Nasbinals (48)<\/p>\n<p>-Exposition \u00ab\u00a0Objectif photo 2018\u00a0\u00bb Saulg\u00e9 (86)<\/p>\n<p><strong>2019<\/strong><\/p>\n<p>-Exposition \u00ab\u00a0Le nez dans l&rsquo;herbe\u00a0\u00bb Buzan\u00e7ais juin 2019<\/p>\n<p>1er Prix Concours photo \u00a0\u00ab\u00a0Les fleurs sauvages\u00a0\u00bb CPIE Touraine &#8211; Val de Loire<\/p>\n<p>Exposition \u00a0\u00bb Le nez dans l&rsquo;herbe\u00a0\u00bb VEIGN\u00c9<\/p>\n<p>Exposition Festival photo de La Tremblade (17)<\/p>\n<p><strong>2020<\/strong><\/p>\n<p>Exposition festival PHOT&rsquo;Aubrac Nasbinals (48)<\/p>\n<p><strong>2021<\/strong><\/p>\n<p>Exposition festival PHOT&rsquo;Aubrac , jardin botanique de l&rsquo;Aubrac \u00e0 Saint Ch\u00e9ly d&rsquo;Aubrac.(12)<\/p>\n<p>Bourse photo de Veign\u00e9 (37)<\/p>\n<p>Maison des Arts Montbazon (37)<br \/>\n2022<br \/>\nFestival de la photographie VEIGN\u00c9 (37)<br \/>\nFestival Phot&rsquo;Aubrac Nasbinals (48)<br \/>\n2023<br \/>\nExposition pour le club APIPAP Argy (36)<br \/>\nExposition \u00ab\u00a0Les dix doigts\u00a0\u00bb Sorigny (37)<br \/>\nFestival Sologne Nature Image Salaries (41)<br \/>\n2024<br \/>\nFestival Sologne Nature Image (41)<\/p>\n<p>N&rsquo;h\u00e9sitez pas \u00e0 prendre contact via le formulaire \u00e0 votre disposition<\/p>\n<p>.A bient\u00f4t<\/p>\n<p>&nbsp;<\/p>\n","protected":false},"excerpt":{"rendered":"<p>&nbsp; Photographe auteur ind\u00e9pendant n\u00e9 en Berry \u00e0 quelques kilometres du PNR de la Brenne. Aujourd&rsquo;hui \u00a0en Touraine, je consacre une grande partie de mon temps \u00e0 \u00a0photographier la nature, les paysages et les fleurs sauvages. En quarante ans (et plus) j&rsquo;ai sillonn\u00e9 de nombreuses r\u00e9gions de France et plus de 40 pays \u00e0 travers [&hellip;]<\/p>\n","protected":false},"author":1,"featured_media":0,"parent":0,"menu_order":0,"comment_status":"open","ping_status":"closed","template":"","meta":{"spay_email":"","footnotes":""},"class_list":["post-2","page","type-page","status-publish","hentry"],"jetpack_sharing_enabled":true,"jetpack_shortlink":"https:\/\/wp.me\/P5g2HY-2","_links":{"self":[{"href":"https:\/\/jcbertrand.fr\/index.php?rest_route=\/wp\/v2\/pages\/2","targetHints":{"allow":["GET"]}}],"collection":[{"href":"https:\/\/jcbertrand.fr\/index.php?rest_route=\/wp\/v2\/pages"}],"about":[{"href":"https:\/\/jcbertrand.fr\/index.php?rest_route=\/wp\/v2\/types\/page"}],"author":[{"embeddable":true,"href":"https:\/\/jcbertrand.fr\/index.php?rest_route=\/wp\/v2\/users\/1"}],"replies":[{"embeddable":true,"href":"https:\/\/jcbertrand.fr\/index.php?rest_route=%2Fwp%2Fv2%2Fcomments&post=2"}],"version-history":[{"count":37,"href":"https:\/\/jcbertrand.fr\/index.php?rest_route=\/wp\/v2\/pages\/2\/revisions"}],"predecessor-version":[{"id":2945,"href":"https:\/\/jcbertrand.fr\/index.php?rest_route=\/wp\/v2\/pages\/2\/revisions\/2945"}],"wp:attachment":[{"href":"https:\/\/jcbertrand.fr\/index.php?rest_route=%2Fwp%2Fv2%2Fmedia&parent=2"}],"curies":[{"name":"wp","href":"https:\/\/api.w.org\/{rel}","templated":true}]}}